{"id":140,"date":"2021-10-18T22:19:16","date_gmt":"2021-10-18T20:19:16","guid":{"rendered":"https:\/\/prettyballoons.at\/pb\/?page_id=140"},"modified":"2025-12-02T16:22:44","modified_gmt":"2025-12-02T15:22:44","slug":"impressum","status":"publish","type":"page","link":"https:\/\/prettyballoons.at\/pb\/home\/impressum\/","title":{"rendered":"Impressum"},"content":{"rendered":"\n<p>Informationspflicht laut \u00a75 E-Commerce Gesetz, \u00a763 Gewerbeordnung, \u00a714 Unternehmensgesetzbuch und Offenlegungspflicht laut \u00a725 Mediengesetz<\/p>\n\n\n\n<p>Pretty Balloons&nbsp;<br>Inh. Sladjana Wimmer<\/p>\n\n\n\n<p>Herbststrasse 37<br>1160 Wien\u00a0<br>\u00d6sterreich<\/p>\n\n\n\n<p>Tel: +43 6508344357&nbsp;<br>E-Mail:&nbsp;<a href=\"mailto:info%40prettyballoons.at\">info@prettyballoons.at<\/a><\/p>\n\n\n\n<p>Unternehmensgegenstand: Hersttellung von Kunstgegenst\u00e4nde&nbsp;<br>UID-Nr:&nbsp;<\/p>\n\n\n\n<p>Mitgliedschaften bei: Mitglied der WK\u00d6&nbsp;<br>Berufsrecht:&nbsp;<\/p>\n\n\n\n<p>Aufsichtsbeh\u00f6rde\/Gewerbebeh\u00f6rde: Handelsgericht Wien<br>Berufsbezeichnung: Dekorateurin<br>Verleihungsstaat: \u00d6sterreich<\/p>\n\n\n\n<h2 class=\"wp-block-heading\">Copyright &amp; Urheberrechtshinweis<\/h2>\n\n\n\n<p>Alle Inhalte dieser Webpr\u00e4senz, insbesondere Texte, Fotografien und Grafiken, sind urheberrechtlich gesch\u00fctzt und teilweise lizensiert. Das Urheberrecht liegt, soweit nicht ausdr\u00fccklich anders gekennzeichnet, bei der im Impressum angef\u00fchrten nat\u00fcrlichen bzw. juristischen Person. Bitte fragen Sie uns, falls Sie die Inhalte dieses Internetangebotes in irgendeiner Art und Weise verwenden m\u00f6chten.<\/p>\n\n\n\n<p>Unter der \u201eCreative Commons\u201c-Lizenz\u201c ver\u00f6ffentlichte Inhalte, sind als solche gekennzeichnet. Sie d\u00fcrfen entsprechend den angegebenen Lizenzbedingungen verwendet werden.<\/p>\n\n\n\n<p>Wer gegen das Urheberrecht verst\u00f6\u00dft (z.B. Bilder oder Texte unerlaubt kopiert), macht sich unter Umst\u00e4nden gem. UrhG strafbar.<\/p>\n\n\n\n<h2 class=\"wp-block-heading\">Haftungsausschluss f\u00fcr ausgehende Links<\/h2>\n\n\n\n<p>Diese Webpr\u00e4senz enth\u00e4lt, so wie viele andere Webseiten ebenfalls, so genannte Links auf andere, fremde Webpr\u00e4senzen und Inhalte. Das wird als Urgedanke des Internets und des weltweiten Informationsaustauschs als gang und g\u00e4be angesehen. Rechtlich und technisch gesehen haben wir als Betreiber unserer Webseite keinen Einfluss auf die Gestaltung sowie den Inhalt der verlinkten Webpr\u00e4senzen. Aus diesem Grund k\u00f6nnen wir zu keinem Zeitpunkt f\u00fcr diese Webpr\u00e4senzen in irgendeiner Art und Weise Haftung oder Gew\u00e4hr \u00fcbernehmen, da diese im Verantwortungsbereich des jeweiligen Betreibers angesiedelt ist.<\/p>\n\n\n\n<p>Zum Zeitpunkt der Verlinkung wurden die fremden Inhalte auf Funktionalit\u00e4t, rechtswidrige Inhalte sowie uns m\u00f6glich auf Schadsoftware \u00fcberpr\u00fcft. Als Indiz finden Sie bei einigen Links einen Datumsstempel der auf den Zeitpunkt der gesetzten Verlinkung hinweist. Nichts desto trotz sind wir bem\u00fcht unsere Besucher vor rechtswidrigen Inhalten und Schadsoftware zu sch\u00fctzen weshalb wir stichprobenartig die gesetzten Links in wiederkehrenden Intervallen untersuchen. Bei etwaigen Rechtsverletzungen werden die gesetzten Links selbstverst\u00e4ndlich umgehend entfernt.<\/p>\n\n\n\n<p>Sollten Sie einen derartigen Link vor unserer \u00dcberpr\u00fcfung gefunden haben, so bitten wir um umgehende Benachrichtigung an die im Impressum angezeigten Kontaktdaten. Bitte \u00fcbermitteln Sie uns dabei den Link unserer Webseite die den fragw\u00fcrdigen Verweis enth\u00e4lt, sowie die Art der Kennzeichnung (a) rechtwidriger Inhalt, b) Schadsoftware oder c) inaktiver Inhalt bzw. Verweis).&nbsp;<\/p>\n\n\n\n<h2 class=\"wp-block-heading\">Ihre Rechte<\/h2>\n\n\n\n<p>Ihnen stehen bez\u00fcglich Ihrer bei uns gespeicherten Daten grunds\u00e4tzlich die Rechte auf Auskunft, Berichtigung, L\u00f6schung, Einschr\u00e4nkung, Daten\u00fcbertragbarkeit, Widerruf und Widerspruch zu. Wenn Sie glauben, dass die Verarbeitung Ihrer Daten gegen das Datenschutzrecht verst\u00f6\u00dft oder Ihre datenschutzrechtlichen Anspr\u00fcche sonst in einer Weise verletzt worden sind, k\u00f6nnen Sie sich bei der oben genannten E-Mail-Adresse oder Ihrer Datenschutzbeh\u00f6rde beschweren.<\/p>\n\n\n\n<h2 class=\"wp-block-heading\">Teilnahme an Online-Streitbeilegung laut AStG und ODR-VO<\/h2>\n\n\n\n<p>Verbraucher haben die M\u00f6glichkeit, Beschwerden direkt an unsere oben genannte E-Mail bzw. Postadresse zu richten oder \u00fcber eine Online-Streitbeilegungsplattform zu melden. Dar\u00fcber m\u00f6chten wir Sie gem\u00e4\u00df dem Alternative-Streitbeilegung-Gesetz (AStG) und der EU-Verordnung Online-Streitbeilegung (ODR-VO) gerne informieren.<\/p>\n\n\n\n<p>Weiters m\u00f6chten wir Sie darauf hinweisen, dass die Teilnahme an einer Online-Streitbeilegungsplattform nicht verpflichtend ist, sondern lediglich auf freiwilliger Basis erfolgt. Da wir der \u00dcberzeugung sind, dass Streitereien jedoch weder f\u00fcr die eine, noch f\u00fcr die andere Partei sinnvoll und wir um L\u00f6sungen bem\u00fcht sind, bieten wir Ihnen folgende Plattformen zur Meldung an:<\/p>\n\n\n\n<ul class=\"wp-block-list\">\n<li><a href=\"https:\/\/www.verbraucherschlichtung.at\/\" target=\"_blank\" rel=\"noreferrer noopener\">Schlichtung f\u00fcr Verbrauchergesch\u00e4fte<\/a><\/li>\n\n\n\n<li><a href=\"http:\/\/ec.europa.eu\/odr\" target=\"_blank\" rel=\"noreferrer noopener\">Online-Streitschlichtungsplattform nach Art 14 ODR-VO<\/a><\/li>\n<\/ul>\n","protected":false},"excerpt":{"rendered":"<p>Informationspflicht laut \u00a75 E-Commerce Gesetz, \u00a763 Gewerbeordnung, \u00a714 Unternehmensgesetzbuch und Offenlegungspflicht laut \u00a725 Mediengesetz Pretty Balloons&nbsp;Inh. Sladjana Wimmer Herbststrasse 371160 Wien\u00a0\u00d6sterreich Tel: +43 6508344357&nbsp;E-Mail:&nbsp;info@prettyballoons.at Unternehmensgegenstand: Hersttellung von Kunstgegenst\u00e4nde&nbsp;UID-Nr:&nbsp; Mitgliedschaften bei: Mitglied der WK\u00d6&nbsp;Berufsrecht:&nbsp; Aufsichtsbeh\u00f6rde\/Gewerbebeh\u00f6rde: Handelsgericht WienBerufsbezeichnung: DekorateurinVerleihungsstaat: \u00d6sterreich Copyright &amp; Urheberrechtshinweis Alle Inhalte dieser Webpr\u00e4senz, insbesondere Texte, Fotografien und Grafiken, sind urheberrechtlich gesch\u00fctzt und teilweise&hellip; <a href=\"https:\/\/prettyballoons.at\/pb\/home\/impressum\/\" class=\"more-link\">Continue reading <span class=\"screen-reader-text\">Impressum<\/span><\/a><\/p>\n","protected":false},"author":1,"featured_media":0,"parent":8,"menu_order":0,"comment_status":"closed","ping_status":"closed","template":"templates\/full-width-page.php","meta":{"footnotes":""},"class_list":["post-140","page","type-page","status-publish","hentry","without-featured-image"],"_links":{"self":[{"href":"https:\/\/prettyballoons.at\/pb\/wp-json\/wp\/v2\/pages\/140","targetHints":{"allow":["GET"]}}],"collection":[{"href":"https:\/\/prettyballoons.at\/pb\/wp-json\/wp\/v2\/pages"}],"about":[{"href":"https:\/\/prettyballoons.at\/pb\/wp-json\/wp\/v2\/types\/page"}],"author":[{"embeddable":true,"href":"https:\/\/prettyballoons.at\/pb\/wp-json\/wp\/v2\/users\/1"}],"replies":[{"embeddable":true,"href":"https:\/\/prettyballoons.at\/pb\/wp-json\/wp\/v2\/comments?post=140"}],"version-history":[{"count":4,"href":"https:\/\/prettyballoons.at\/pb\/wp-json\/wp\/v2\/pages\/140\/revisions"}],"predecessor-version":[{"id":482,"href":"https:\/\/prettyballoons.at\/pb\/wp-json\/wp\/v2\/pages\/140\/revisions\/482"}],"up":[{"embeddable":true,"href":"https:\/\/prettyballoons.at\/pb\/wp-json\/wp\/v2\/pages\/8"}],"wp:attachment":[{"href":"https:\/\/prettyballoons.at\/pb\/wp-json\/wp\/v2\/media?parent=140"}],"curies":[{"name":"wp","href":"https:\/\/api.w.org\/{rel}","templated":true}]}}